{"id":22,"date":"2023-11-01T10:53:15","date_gmt":"2023-11-01T10:53:15","guid":{"rendered":"https:\/\/praktijkvoorintegralegezondheid.nl\/?page_id=22"},"modified":"2024-01-03T13:18:43","modified_gmt":"2024-01-03T12:18:43","slug":"begeleiding","status":"publish","type":"page","link":"https:\/\/praktijkvoorintegralegezondheid.nl\/?page_id=22","title":{"rendered":"Begeleiding"},"content":{"rendered":"\n<div class=\"wp-block-cover alignfull is-light\" style=\"padding-top:var(--wp--preset--spacing--40);padding-right:0;padding-bottom:var(--wp--preset--spacing--40);padding-left:0\"><span aria-hidden=\"true\" class=\"wp-block-cover__background has-white-background-color has-background-dim-70 has-background-dim\"><\/span><img loading=\"lazy\" decoding=\"async\" width=\"1709\" height=\"2560\" class=\"wp-block-cover__image-background wp-image-174\" alt=\"\" src=\"https:\/\/praktijkvoorintegralegezondheid.nl\/wp-content\/uploads\/2023\/12\/pexels-anete-lusina-6331157-scaled.jpg\" style=\"object-position:52% 57%\" data-object-fit=\"cover\" data-object-position=\"52% 57%\" srcset=\"https:\/\/praktijkvoorintegralegezondheid.nl\/wp-content\/uploads\/2023\/12\/pexels-anete-lusina-6331157-scaled.jpg 1709w, https:\/\/praktijkvoorintegralegezondheid.nl\/wp-content\/uploads\/2023\/12\/pexels-anete-lusina-6331157-200x300.jpg 200w, https:\/\/praktijkvoorintegralegezondheid.nl\/wp-content\/uploads\/2023\/12\/pexels-anete-lusina-6331157-684x1024.jpg 684w, https:\/\/praktijkvoorintegralegezondheid.nl\/wp-content\/uploads\/2023\/12\/pexels-anete-lusina-6331157-768x1150.jpg 768w, https:\/\/praktijkvoorintegralegezondheid.nl\/wp-content\/uploads\/2023\/12\/pexels-anete-lusina-6331157-1025x1536.jpg 1025w, https:\/\/praktijkvoorintegralegezondheid.nl\/wp-content\/uploads\/2023\/12\/pexels-anete-lusina-6331157-1367x2048.jpg 1367w, https:\/\/praktijkvoorintegralegezondheid.nl\/wp-content\/uploads\/2023\/12\/pexels-anete-lusina-6331157-1568x2349.jpg 1568w\" sizes=\"auto, (max-width: 1709px) 100vw, 1709px\" \/><div class=\"wp-block-cover__inner-container is-layout-constrained wp-container-core-cover-is-layout-ef4fdf1a wp-block-cover-is-layout-constrained\">\n<h4 class=\"wp-block-heading has-text-align-center has-black-color has-text-color has-link-color has-extra-large-font-size wp-elements-39ae94c45b5738a672ea0b0f6eea9e96\">Gecombineerde leefstijlinterventie (GLI)<\/h4>\n\n\n\n<h4 class=\"wp-block-heading has-text-align-center has-black-color has-text-color has-link-color has-large-font-size wp-elements-d481da2ff23c5eb417e6090a3b15d548\">&#8211; deskundige begeleiding bij gedragsverandering &#8211;<\/h4>\n\n\n\n<p class=\"has-text-align-center has-black-color has-text-color has-link-color wp-elements-26d9ab895276921f98b0d75b64882b86\" style=\"font-style:normal;font-weight:100\">Op dit moment biedt de praktijk voor integrale gezondheid begeleiding bij voeding, leefstijl en gedragsverandering middels het CooL-programma. Coaching op Leefstijl (CooL) is een programma van 24 maanden gericht op het stapsgewijs aanpakken van ongezonde gewoontes met als doel gewichtsverlies en verbeterde kwaliteit van leven. <\/p>\n<\/div><\/div>\n\n\n\n<p style=\"font-style:normal;font-weight:100\">Het GLI-traject is voor mensen met overgewicht en een matig of sterk verhoogd gezondheidsrisico op chronische aandoeningen of mensen met obesitas. <\/p>\n\n\n\n<p style=\"font-style:normal;font-weight:100\">Tijdens het CooL-programma ga je aan de slag met je voedingspatroon en komen beweging, slaap en persoonlijke balans aan bod. Met persoonlijke balans bedoelen we stress, ontspanning en bijvoorbeeld ook positieve gezondheid, zoals zingeving, mentaal welbevinden en sociale contacten. Het totale programma duurt twee jaar.&nbsp;Je hebt \u00e9\u00e9n-op-\u00e9\u00e9n gesprekken en groepssessies met je mede-deelnemers. Je volgt het programma in een groep van maximaal 15 deelnemers.&nbsp;<\/p>\n\n\n\n<p style=\"font-style:normal;font-weight:100\">Het <em>eerste jaar<\/em> is gericht op gedragsverandering. In het <em>2e jaar<\/em> werken we aan gedragsbehoud. In zowel het 1e als het 2e jaar heb je 8 groepsessies (van 90 min) en 3 individuele sessies (van 60 min). Daarnaast vindt er voorafgaand aan de start van het programma een intake-gesprek plaats. <\/p>\n\n\n\n<p style=\"font-style:normal;font-weight:100\">Je komt in aanmerking voor het volgen van het CooL-programma als je:<\/p>\n\n\n\n<ul class=\"wp-block-list\">\n<li style=\"font-style:normal;font-weight:100\">18 jaar of ouder bent, en<\/li>\n\n\n\n<li style=\"font-style:normal;font-weight:100\">Overgewicht hebt (<a href=\"https:\/\/www.voedingscentrum.nl\/nl\/afvallen\/gezond-afvallen-de-start\/heb-ik-een-gezond-gewicht.aspx\" title=\"BMI\">BMI<\/a> 25-30) en daarnaast slaapapneu, artrose, een vergrote buikomvang of een verhoogd risico op diabetes of hart- en vaatziekten hebt, of<\/li>\n\n\n\n<li style=\"font-style:normal;font-weight:100\">Ernstig overgewicht hebt (BMI &gt; 30)<\/li>\n<\/ul>\n\n\n\n<p style=\"font-style:normal;font-weight:100\">Daarnaast is het belangrijk dat je actief deelneemt aan het programma en voldoende gemotiveerd bent om je leefstijlgewoontes aan te pakken. <\/p>\n\n\n\n<p style=\"font-style:normal;font-weight:100\">Deelname aan het GLI-traject is kosteloos als je aan bovenstaande voorwaarden voldoet. Het traject wordt vergoed door je basisverzekering en gaat niet af van je eigen risico. Je hebt wel een verwijzing nodig van je huisarts of internist. Daarnaast is deelname niet vrijblijvend. Het is de bedoeling dat je bij alle sessies aanwezig bent en ook tussendoor aan de slag gaat met de doelen die je samen met je coach hebt opgesteld.<\/p>\n\n\n\n<div class=\"wp-block-group alignfull has-text-color has-background\" style=\"color:#000000;background-color:#ffffff\"><div class=\"wp-block-group__inner-container is-layout-flow wp-block-group-is-layout-flow\">\n<p class=\"has-text-align-center has-black-color has-text-color has-link-color wp-elements-55c05dfa564ba692f7b42c63cdb07c3c\" style=\"font-style:normal;font-weight:100;line-height:1.6\">Wil je graag meer weten over het GLI-traject neem dan contact op via onderstaande knop of stuur een mail naar <a href=\"mailto:info@praktijkvoorintegralegezondheid.nl\">info@praktijkvoorintegralegezondheid.nl<\/a><\/p>\n\n\n\n<div class=\"wp-block-buttons is-horizontal is-content-justification-center is-layout-flex wp-container-core-buttons-is-layout-499968f5 wp-block-buttons-is-layout-flex\">\n<div class=\"wp-block-button has-custom-width wp-block-button__width-50\"><a class=\"wp-block-button__link has-text-color has-background wp-element-button\" href=\"https:\/\/praktijkvoorintegralegezondheid.nl\/?page_id=19\" style=\"border-radius:50px;color:#ffffff;background-color:#000000\">Neem contact op<\/a><\/div>\n<\/div>\n<\/div><\/div>\n","protected":false},"excerpt":{"rendered":"<p>Het GLI-traject is voor mensen met overgewicht en een matig of sterk verhoogd gezondheidsrisico op chronische aandoeningen of mensen met obesitas. Tijdens het CooL-programma ga je aan de slag met je voedingspatroon en komen beweging, slaap en persoonlijke balans aan bod. Met persoonlijke balans bedoelen we stress, ontspanning en bijvoorbeeld ook positieve gezondheid, zoals zingeving,&hellip; <a class=\"more-link\" href=\"https:\/\/praktijkvoorintegralegezondheid.nl\/?page_id=22\">Lees verder <span class=\"screen-reader-text\">Begeleiding<\/span><\/a><\/p>\n","protected":false},"author":1,"featured_media":0,"parent":0,"menu_order":0,"comment_status":"closed","ping_status":"closed","template":"","meta":{"_monsterinsights_skip_tracking":false,"_monsterinsights_sitenote_active":false,"_monsterinsights_sitenote_note":"","_monsterinsights_sitenote_category":0,"footnotes":""},"class_list":["post-22","page","type-page","status-publish","hentry","entry"],"aioseo_notices":[],"_links":{"self":[{"href":"https:\/\/praktijkvoorintegralegezondheid.nl\/index.php?rest_route=\/wp\/v2\/pages\/22","targetHints":{"allow":["GET"]}}],"collection":[{"href":"https:\/\/praktijkvoorintegralegezondheid.nl\/index.php?rest_route=\/wp\/v2\/pages"}],"about":[{"href":"https:\/\/praktijkvoorintegralegezondheid.nl\/index.php?rest_route=\/wp\/v2\/types\/page"}],"author":[{"embeddable":true,"href":"https:\/\/praktijkvoorintegralegezondheid.nl\/index.php?rest_route=\/wp\/v2\/users\/1"}],"replies":[{"embeddable":true,"href":"https:\/\/praktijkvoorintegralegezondheid.nl\/index.php?rest_route=%2Fwp%2Fv2%2Fcomments&post=22"}],"version-history":[{"count":22,"href":"https:\/\/praktijkvoorintegralegezondheid.nl\/index.php?rest_route=\/wp\/v2\/pages\/22\/revisions"}],"predecessor-version":[{"id":276,"href":"https:\/\/praktijkvoorintegralegezondheid.nl\/index.php?rest_route=\/wp\/v2\/pages\/22\/revisions\/276"}],"wp:attachment":[{"href":"https:\/\/praktijkvoorintegralegezondheid.nl\/index.php?rest_route=%2Fwp%2Fv2%2Fmedia&parent=22"}],"curies":[{"name":"wp","href":"https:\/\/api.w.org\/{rel}","templated":true}]}}